{"id":1602,"date":"2023-03-29T15:50:42","date_gmt":"2023-03-29T12:50:42","guid":{"rendered":"https:\/\/ucge.com.tr\/?page_id=1602"},"modified":"2023-10-02T15:10:30","modified_gmt":"2023-10-02T12:10:30","slug":"privacy-policy","status":"publish","type":"page","link":"https:\/\/ucge.com.tr\/en\/gizlilik-politikasi\/","title":{"rendered":"Privacy Policy"},"content":{"rendered":"<div data-elementor-type=\"wp-page\" data-elementor-id=\"1602\" class=\"elementor elementor-1602\" data-elementor-post-type=\"page\">\n\t\t\t\t\t\t<section class=\"elementor-section elementor-top-section elementor-element elementor-element-9e85107 elementor-section-full_width elementor-section-stretched elementor-section-height-default elementor-section-height-default\" data-id=\"9e85107\" data-element_type=\"section\" data-e-type=\"section\" data-settings=\"{&quot;stretch_section&quot;:&quot;section-stretched&quot;}\">\n\t\t\t\t\t\t<div class=\"elementor-container elementor-column-gap-default\">\n\t\t\t\t\t<div class=\"elementor-column elementor-col-100 elementor-top-column elementor-element elementor-element-0fdd68f\" data-id=\"0fdd68f\" data-element_type=\"column\" data-e-type=\"column\">\n\t\t\t<div class=\"elementor-widget-wrap elementor-element-populated\">\n\t\t\t\t\t\t<div class=\"elementor-element elementor-element-d0c5afc elementor-widget elementor-widget-image\" data-id=\"d0c5afc\" data-element_type=\"widget\" data-e-type=\"widget\" data-widget_type=\"image.default\">\n\t\t\t\t<div class=\"elementor-widget-container\">\n\t\t\t\t\t\t\t\t\t\t\t\t\t\t\t<img fetchpriority=\"high\" decoding=\"async\" width=\"1920\" height=\"500\" src=\"https:\/\/ucge.com.tr\/wp-content\/uploads\/2023\/08\/gizlilik-politikasi-banner.png\" class=\"attachment-full size-full wp-image-2353\" alt=\"privacy-policy-banner\" srcset=\"https:\/\/ucge.com.tr\/wp-content\/uploads\/2023\/08\/gizlilik-politikasi-banner.png 1920w, https:\/\/ucge.com.tr\/wp-content\/uploads\/2023\/08\/gizlilik-politikasi-banner-300x78.png 300w, https:\/\/ucge.com.tr\/wp-content\/uploads\/2023\/08\/gizlilik-politikasi-banner-1024x267.png 1024w, https:\/\/ucge.com.tr\/wp-content\/uploads\/2023\/08\/gizlilik-politikasi-banner-768x200.png 768w, https:\/\/ucge.com.tr\/wp-content\/uploads\/2023\/08\/gizlilik-politikasi-banner-1536x400.png 1536w, https:\/\/ucge.com.tr\/wp-content\/uploads\/2023\/08\/gizlilik-politikasi-banner-18x5.png 18w, https:\/\/ucge.com.tr\/wp-content\/uploads\/2023\/08\/gizlilik-politikasi-banner-800x208.png 800w, https:\/\/ucge.com.tr\/wp-content\/uploads\/2023\/08\/gizlilik-politikasi-banner-1568x408.png 1568w\" sizes=\"(max-width: 1920px) 100vw, 1920px\" style=\"width:100%;height:26.04%;max-width:1920px\" \/>\t\t\t\t\t\t\t\t\t\t\t\t\t\t\t<\/div>\n\t\t\t\t<\/div>\n\t\t\t\t\t<\/div>\n\t\t<\/div>\n\t\t\t\t\t<\/div>\n\t\t<\/section>\n\t\t\t\t<section class=\"elementor-section elementor-top-section elementor-element elementor-element-a768d7e elementor-section-boxed elementor-section-height-default elementor-section-height-default\" data-id=\"a768d7e\" data-element_type=\"section\" data-e-type=\"section\">\n\t\t\t\t\t\t<div class=\"elementor-container elementor-column-gap-default\">\n\t\t\t\t\t<div class=\"elementor-column elementor-col-100 elementor-top-column elementor-element elementor-element-b6ab6ca\" data-id=\"b6ab6ca\" data-element_type=\"column\" data-e-type=\"column\">\n\t\t\t<div class=\"elementor-widget-wrap elementor-element-populated\">\n\t\t\t\t\t\t<div class=\"elementor-element elementor-element-670376a elementor-widget elementor-widget-heading\" data-id=\"670376a\" data-element_type=\"widget\" data-e-type=\"widget\" data-widget_type=\"heading.default\">\n\t\t\t\t<div class=\"elementor-widget-container\">\n\t\t\t\t\t<h1 class=\"elementor-heading-title elementor-size-default\">Privacy Policy<\/h1>\t\t\t\t<\/div>\n\t\t\t\t<\/div>\n\t\t\t\t\t<\/div>\n\t\t<\/div>\n\t\t\t\t\t<\/div>\n\t\t<\/section>\n\t\t\t\t<section class=\"elementor-section elementor-top-section elementor-element elementor-element-a52a4b7 elementor-section-boxed elementor-section-height-default elementor-section-height-default\" data-id=\"a52a4b7\" data-element_type=\"section\" data-e-type=\"section\">\n\t\t\t\t\t\t<div class=\"elementor-container elementor-column-gap-default\">\n\t\t\t\t\t<div class=\"elementor-column elementor-col-100 elementor-top-column elementor-element elementor-element-efd605c\" data-id=\"efd605c\" data-element_type=\"column\" data-e-type=\"column\">\n\t\t\t<div class=\"elementor-widget-wrap elementor-element-populated\">\n\t\t\t\t\t\t<div class=\"elementor-element elementor-element-31d11af elementor-widget elementor-widget-text-editor\" data-id=\"31d11af\" data-element_type=\"widget\" data-e-type=\"widget\" data-widget_type=\"text-editor.default\">\n\t\t\t\t<div class=\"elementor-widget-container\">\n\t\t\t\t\t\t\t\t\t<p><span style=\"color: var( --e-global-color-text ); font-size: var(--global--font-size-base);\">Effective date: 2023-03-29<\/span><\/p><p>Updated on: 2023-03-29<\/p><p>\u00a0<\/p><p>This Privacy Policy explains the policies of \u00dc\u00c7GE Elektronik A\u015e on the collection and use of the information we collect when you access https:\/\/ucge.com.tr (the \u201cService\u201d). This Privacy Policy describes your privacy rights and how you are protected under privacy laws.<\/p><p>\u00a0<\/p><p class=\" translation-block\">This Privacy Policy explains your privacy rights and how you are protected under privacy laws. <span style=\"color: var( --e-global-color-text );font-size: var(--global--font-size-base)\">By using our service, you consent to the collection and use of your information in accordance with this Privacy Policy.<\/span> <span style=\"color: var( --e-global-color-text );font-size: var(--global--font-size-base)\">If you do not consent to the collection and use of your information as set forth in this Privacy Policy, please do not access or use our Service.<\/span><\/p><p>\u00a0<\/p><p>This Privacy Policy has been created with the help of CookieScript Privacy Policy Generator.<\/p><p>\u00a0<\/p><p>\u00dc\u00c7GE Electronic is authorized to modify this Privacy Policy at any time.<\/p><p>This may occur without prior notice.\u00a0<span style=\"color: var( --e-global-color-text ); font-size: var(--global--font-size-base);\">\u00dc\u00c7GE Elektronik will post the revised Privacy Policy on the https:\/\/ucge.com.tr website<\/span><\/p><p><span style=\"color: var( --e-global-color-text ); font-size: var(--global--font-size-base);\">\u00a0<\/span><\/p><p>\u00a0<\/p><p><b>Collection and Use of Your Personal Information<\/b><br \/>Information We Collect<\/p><p>When using our service, you will be asked to provide us with personal information that is used to contact or identify you. https:\/\/ucge.com.tr collects the following information:<\/p><p>Usage data<br \/>Name<br \/>Email<br \/>Mobile number<\/p><p>ADDRESS<\/p><p>Usage Data includes:<\/p><p>Internet Protocol (IP) address of computers accessing the site<br \/>Web page requests<br \/>Referring web pages<br \/>The browser used to access the site<br \/>Access time and date<\/p><p>How Do We Collect Information?<\/p><p>https:\/\/ucge.com.tr collects and receives information from you in the following ways:<\/p><ul><li>When you complete a registration form or otherwise submit personal information.<\/li><li>When you interact with our service. From external, publicly available sources.<\/li><li>Your information will be retained for up to 180 days after receipt.<\/li><\/ul><p>After this period, it is no longer required to provide the services to you. Your information may be retained for longer periods.<br \/>Reporting or record keeping is carried out in accordance with applicable laws. does not define you\u00a0<span style=\"color: var( --e-global-color-text ); font-size: var(--global--font-size-base);\">personal\u00a0<\/span><span style=\"color: var( --e-global-color-text ); font-size: var(--global--font-size-base);\">informations<\/span><span style=\"color: var( --e-global-color-text ); font-size: var(--global--font-size-base);\">\u00a0can be stored indefinitely.<\/span><\/p><p>\u00a0<\/p><p><b>How We Use Your Information<\/b><\/p><p>https:\/\/ucge.com.tr can use your information for the following purposes:<\/p><ul><li>Monitoring the use of our Service, as well as providing and maintaining our Service.<\/li><li>\u00dc\u00c7GE Elektronik A\u015e will use your information for data analysis to determine usage trends or, where reasonable, to determine the effectiveness of our marketing campaigns.<\/li><li>We will use your information to evaluate and improve our Service, products, services and marketing efforts.<\/li><li>In order to contact you, \u00dc\u00c7GE Elektronik A\u015e will contact you via e-mail, telephone, SMS or any other form of electronic communication regarding functions, products, services or security updates when necessary or reasonable.<\/li><li>To update you with news, general information, special offers, new services and events.<\/li><li>Marketing and promotional initiatives. \u00dc\u00c7GE Elektronik A\u015e will use non-specific information collected from you to improve our marketing efforts.<\/li><\/ul><ul><li>Targeted advertising.<\/li><li><span style=\"color: var( --e-global-color-text ); font-size: var(--global--font-size-base);\">Your Personal Data will be used to improve advertising efforts related to your special interests.<\/span><\/li><li>Management information. Your Personal Data will be used as part of the operation of our website&#039;s Management applications.<\/li><li>Gathering testimonials and customer feedback.<\/li><li>If you share a testimonial or review about your experience using our service, it will be shared or otherwise used on this website.<\/li><\/ul><p><b>How We Share Your Information<\/b><\/p><p>\u00dc\u00c7GE Elektronik A\u015e will share your information when appropriate:<\/p><p>\u00a0<\/p><ul><li>With your permission.<\/li><\/ul><p>\u00dc\u00c7GE Elektronik A\u015e will share your information with your explicit consent for whatever reason.<\/p><ul><li>\u00a0Your information will be shared in the event of a affiliation, negotiation, merger, sale of business assets, financing, or purchase of all or part of our business with another company.<\/li><li>\u00a0<\/li><\/ul><p><b>Third Party Sharing<\/b><\/p><p><b><br \/><\/b>Any third party with whom we share your information should disclose the purpose for which they intend to use your information. They should retain your information only for the period described when requesting or receiving such information. The third-party service provider should not collect, sell or use your personal information unless necessary to achieve the stated purpose.<\/p><p>\u00a0<\/p><p>Your information may be shared with third parties, including:<\/p><p>Analysis information.\u00a0<\/p><p>Your information may be shared with online analytics tools to monitor and analyze website traffic.<br \/>Improving targeted advertising campaigns.\u00a0<\/p><p>\u00dc\u00c7GE Elektronik A\u015e partners with third-party service providers to improve targeted advertising campaigns.<br \/>Form Collection (like Jotform)<br \/>If you choose to provide such information during registration or in any other way, you authorize \u00dc\u00c7GE Elektronik A\u015e to use, share and store this information in a manner consistent with this Privacy Policy.<\/p><p>\u00a0<\/p><p>Your information may be disclosed for additional reasons, including:<\/p><p>To comply with applicable laws, regulations or court orders.<br \/>Respond to allegations that your use of our service violates third-party rights.<br \/>To enforce the agreements you have with us, including this Privacy Policy.<\/p><p><br \/>Cookies<br \/>Cookies are small text files placed on your computer by websites you visit. Websites use cookies to help users navigate efficiently and perform certain functions. Cookies necessary for the website to function properly are allowed to be placed without your consent. All other cookies must be approved before they can be set in the browser.<\/p><p>\u00a0<\/p><p>Absolutely necessary cookies. Strictly necessary cookies allow basic website functions such as user login and account management. The website cannot be used properly without strictly necessary cookies.<\/p><p><br \/>Performance cookies. Performance cookies are used to see how visitors use the website, eg. analytics cookies. These cookies cannot be used to directly identify a particular visitor.<\/p><p><br \/>Targeting cookies. Targeting cookies are used, for example, to identify visitors between different websites. content partners, banner networks. These cookies can be used by companies to create a visitor interest profile or to show relevant ads on other websites.<\/p><p><br \/>Functionality cookies. Functionality cookies are used, for example, to remember visitor information on the website. language, time zone, enhanced content.<\/p><p><br \/>Unclassified cookies. Unclassified cookies are cookies that do not belong to another category or are in the process of being categorized.<\/p><p><br \/>Cookie Usage List is below.<\/p><p>\u00a0<\/p><p>\u00a0<\/p>\t\t\t\t\t\t\t\t<\/div>\n\t\t\t\t<\/div>\n\t\t\t\t<div class=\"elementor-element elementor-element-23d11f5 elementor-widget elementor-widget-html\" data-id=\"23d11f5\" data-element_type=\"widget\" data-e-type=\"widget\" data-widget_type=\"html.default\">\n\t\t\t\t<div class=\"elementor-widget-container\">\n\t\t\t\t\t<script type=\"text\/javascript\" charset=\"UTF-8\"  data-cookiescriptreport=\"report\" src=\"\/\/report.cookie-script.com\/r\/400685f4aafbde583f25627f42d79b0d.js\"><\/script>\t\t\t\t<\/div>\n\t\t\t\t<\/div>\n\t\t\t\t<div class=\"elementor-element elementor-element-20c6a20 elementor-widget elementor-widget-text-editor\" data-id=\"20c6a20\" data-element_type=\"widget\" data-e-type=\"widget\" data-widget_type=\"text-editor.default\">\n\t\t\t\t<div class=\"elementor-widget-container\">\n\t\t\t\t\t\t\t\t\t<p>The security of your Personal Information is important to us.&nbsp;<\/p><p><br><\/p><p>https:\/\/ucge.com.tr uses a number of security measures to prevent the misuse, loss or alteration of the information you provide to us. However, as we cannot guarantee the security of the information you provide to us, accessing our service should be at your own risk.<\/p><p><br><\/p>\n<p>\u00dc\u00c7GE Elektronik is not responsible for the performance of websites operated by third parties or your interactions with them. When you leave this site, we recommend that you review the privacy practices of other sites you interact with and determine the adequacy of these practices.<\/p><p><br><\/p>\n<p><b>Contact Us<\/b><br>\nFor any questions, please contact us using the following methods:<\/p>\n<p>Name: \u00dc\u00c7GE Electronics Inc.<\/p>\n<p>Address: Karaman Ciftlik Yolu Cd. No:47 Floor:10 Kar Plaza \u0130\u00e7erenk\u00f6y \u2013 Ata\u015fehir Istanbul<\/p>\n<p>Email: ucgedigital@ucge.com<\/p>\n<p>Website: https:\/\/ucge.com.tr<\/p>\n<p>Phone: +90 (216) 575 42 00<\/p>\n<p>For any questions or concerns regarding the processing of your information, you can contact our Data Protection Officer by email or phone.<\/p>\t\t\t\t\t\t\t\t<\/div>\n\t\t\t\t<\/div>\n\t\t\t\t\t<\/div>\n\t\t<\/div>\n\t\t\t\t\t<\/div>\n\t\t<\/section>\n\t\t\t\t<\/div>","protected":false},"excerpt":{"rendered":"<p>Privacy Policy Effective date: 2023-03-29 Updated date: 2023-03-29 This Privacy Policy applies to \u00dc\u00c7GE Elektronik A\u015e&#039;s collection and use of the information we collect when you access https:\/\/ucge.com.tr (\u201cService\u201d). explains its policies. This Privacy Policy explains your privacy rights and how you are protected under privacy laws. By using our Service, you consent to the collection and use of your information in accordance with this Privacy Policy. Your information as stated in this Privacy Policy... <a class=\"more-link\" href=\"https:\/\/ucge.com.tr\/en\/gizlilik-politikasi\/\">Continue reading <span class=\"screen-reader-text\">Privacy Policy<\/span><\/a><\/p>","protected":false},"author":4,"featured_media":0,"parent":0,"menu_order":0,"comment_status":"closed","ping_status":"closed","template":"elementor_header_footer","meta":{"footnotes":""},"class_list":["post-1602","page","type-page","status-publish","hentry","entry"],"_links":{"self":[{"href":"https:\/\/ucge.com.tr\/en\/wp-json\/wp\/v2\/pages\/1602","targetHints":{"allow":["GET"]}}],"collection":[{"href":"https:\/\/ucge.com.tr\/en\/wp-json\/wp\/v2\/pages"}],"about":[{"href":"https:\/\/ucge.com.tr\/en\/wp-json\/wp\/v2\/types\/page"}],"author":[{"embeddable":true,"href":"https:\/\/ucge.com.tr\/en\/wp-json\/wp\/v2\/users\/4"}],"replies":[{"embeddable":true,"href":"https:\/\/ucge.com.tr\/en\/wp-json\/wp\/v2\/comments?post=1602"}],"version-history":[{"count":0,"href":"https:\/\/ucge.com.tr\/en\/wp-json\/wp\/v2\/pages\/1602\/revisions"}],"wp:attachment":[{"href":"https:\/\/ucge.com.tr\/en\/wp-json\/wp\/v2\/media?parent=1602"}],"curies":[{"name":"wp","href":"https:\/\/api.w.org\/{rel}","templated":true}]}}