{"id":1717,"date":"2023-04-04T08:15:52","date_gmt":"2023-04-04T05:15:52","guid":{"rendered":"https:\/\/ucge.com.tr\/?page_id=1717"},"modified":"2024-07-29T16:51:52","modified_gmt":"2024-07-29T13:51:52","slug":"flowpack-packaging-machines","status":"publish","type":"page","link":"https:\/\/ucge.com.tr\/en\/cozumler\/flowpack-paketleme-makineleri\/","title":{"rendered":"Flowpack Packaging Machines"},"content":{"rendered":"\t\t<div data-elementor-type=\"wp-page\" data-elementor-id=\"1717\" class=\"elementor elementor-1717\" data-elementor-post-type=\"page\">\n\t\t\t\t\t\t<section class=\"elementor-section elementor-top-section elementor-element elementor-element-b2541e9 elementor-section-full_width elementor-section-height-default elementor-section-height-default\" data-id=\"b2541e9\" data-element_type=\"section\" data-e-type=\"section\">\n\t\t\t\t\t\t<div class=\"elementor-container elementor-column-gap-default\">\n\t\t\t\t\t<div class=\"elementor-column elementor-col-100 elementor-top-column elementor-element elementor-element-2ecd702\" data-id=\"2ecd702\" data-element_type=\"column\" data-e-type=\"column\">\n\t\t\t<div class=\"elementor-widget-wrap elementor-element-populated\">\n\t\t\t\t\t\t<div class=\"elementor-element elementor-element-f8db222 elementor-widget elementor-widget-image\" data-id=\"f8db222\" data-element_type=\"widget\" data-e-type=\"widget\" data-widget_type=\"image.default\">\n\t\t\t\t<div class=\"elementor-widget-container\">\n\t\t\t\t\t\t\t\t\t\t\t\t\t\t\t<img fetchpriority=\"high\" decoding=\"async\" width=\"1920\" height=\"400\" src=\"https:\/\/ucge.com.tr\/wp-content\/uploads\/2023\/04\/Flowpack-Paketleme-Makineleri.jpg\" class=\"attachment-full size-full wp-image-1887\" alt=\"Flowpack Paketleme Makineleri-banner\" srcset=\"https:\/\/ucge.com.tr\/wp-content\/uploads\/2023\/04\/Flowpack-Paketleme-Makineleri.jpg 1920w, https:\/\/ucge.com.tr\/wp-content\/uploads\/2023\/04\/Flowpack-Paketleme-Makineleri-300x63.jpg 300w, https:\/\/ucge.com.tr\/wp-content\/uploads\/2023\/04\/Flowpack-Paketleme-Makineleri-1024x213.jpg 1024w, https:\/\/ucge.com.tr\/wp-content\/uploads\/2023\/04\/Flowpack-Paketleme-Makineleri-768x160.jpg 768w, https:\/\/ucge.com.tr\/wp-content\/uploads\/2023\/04\/Flowpack-Paketleme-Makineleri-1536x320.jpg 1536w, https:\/\/ucge.com.tr\/wp-content\/uploads\/2023\/04\/Flowpack-Paketleme-Makineleri-18x4.jpg 18w, https:\/\/ucge.com.tr\/wp-content\/uploads\/2023\/04\/Flowpack-Paketleme-Makineleri-800x167.jpg 800w, https:\/\/ucge.com.tr\/wp-content\/uploads\/2023\/04\/Flowpack-Paketleme-Makineleri-1568x327.jpg 1568w\" sizes=\"(max-width: 1920px) 100vw, 1920px\" style=\"width:100%;height:20.83%;max-width:1920px\" \/>\t\t\t\t\t\t\t\t\t\t\t\t\t\t\t<\/div>\n\t\t\t\t<\/div>\n\t\t\t\t\t<\/div>\n\t\t<\/div>\n\t\t\t\t\t<\/div>\n\t\t<\/section>\n\t\t\t\t<section class=\"elementor-section elementor-top-section elementor-element elementor-element-01098ac elementor-section-stretched elementor-section-boxed elementor-section-height-default elementor-section-height-default\" data-id=\"01098ac\" data-element_type=\"section\" data-e-type=\"section\" data-settings=\"{&quot;stretch_section&quot;:&quot;section-stretched&quot;}\">\n\t\t\t\t\t\t<div class=\"elementor-container elementor-column-gap-default\">\n\t\t\t\t\t<div class=\"elementor-column elementor-col-100 elementor-top-column elementor-element elementor-element-d68eb8b\" data-id=\"d68eb8b\" data-element_type=\"column\" data-e-type=\"column\">\n\t\t\t<div class=\"elementor-widget-wrap elementor-element-populated\">\n\t\t\t\t\t\t<div class=\"elementor-element elementor-element-d3b3038 elementor-widget elementor-widget-heading\" data-id=\"d3b3038\" data-element_type=\"widget\" data-e-type=\"widget\" data-widget_type=\"heading.default\">\n\t\t\t\t<div class=\"elementor-widget-container\">\n\t\t\t\t\t<h1 class=\"elementor-heading-title elementor-size-default\">Flowpack Paketleme Makineleri<\/h1>\t\t\t\t<\/div>\n\t\t\t\t<\/div>\n\t\t\t\t<div class=\"elementor-element elementor-element-3e59f22 elementor-widget elementor-widget-text-editor\" data-id=\"3e59f22\" data-element_type=\"widget\" data-e-type=\"widget\" data-widget_type=\"text-editor.default\">\n\t\t\t\t<div class=\"elementor-widget-container\">\n\t\t\t\t\t\t\t\t\tFlowpack paketleme makineleri, \u00fcr\u00fcnleri hava ge\u00e7irmez bir ambalaj malzemesi ile kapatmak i\u00e7in kullan\u0131lan otomatik paketleme makineleridir. Bu makineler, ambalaj malzemesinin \u00fcr\u00fcn\u00fcn etraf\u0131n\u0131 sarmas\u0131 ve m\u00fch\u00fcrlenmesi i\u00e7in kullan\u0131lan bir b\u00f6l\u00fcm ve ard\u0131ndan kesilerek kesim b\u00f6lgesinde veya sonras\u0131nda ayr\u0131 bir cihazda bir kesim b\u00f6l\u00fcm\u00fcne sahiptir.\n\nFlowpack makineleri, \u00f6zellikle g\u0131da, ila\u00e7, kozmetik, kimyasal ve di\u011fer end\u00fcstriyel sekt\u00f6rlerde kullan\u0131l\u0131r. Bu makineler, taze g\u0131dalar, \u015fekerlemeler, bisk\u00fcviler, kuruyemi\u015fler, ila\u00e7lar, oyuncaklar, k\u0131rtasiye malzemeleri ve daha bir\u00e7ok \u00fcr\u00fcn i\u00e7in kullan\u0131labilir.\t\t\t\t\t\t\t\t<\/div>\n\t\t\t\t<\/div>\n\t\t\t\t<div class=\"elementor-element elementor-element-8d9821f elementor-align-center elementor-widget elementor-widget-button\" data-id=\"8d9821f\" data-element_type=\"widget\" data-e-type=\"widget\" data-widget_type=\"button.default\">\n\t\t\t\t<div class=\"elementor-widget-container\">\n\t\t\t\t\t\t\t\t\t<div class=\"elementor-button-wrapper\">\n\t\t\t\t\t<a class=\"elementor-button elementor-button-link elementor-size-sm\" href=\"https:\/\/ucge.com.tr\/iletisim-kur\/\">\n\t\t\t\t\t\t<span class=\"elementor-button-content-wrapper\">\n\t\t\t\t\t\t\t\t\t<span class=\"elementor-button-text\">Teklif Al<\/span>\n\t\t\t\t\t<\/span>\n\t\t\t\t\t<\/a>\n\t\t\t\t<\/div>\n\t\t\t\t\t\t\t\t<\/div>\n\t\t\t\t<\/div>\n\t\t\t\t<div class=\"elementor-element elementor-element-ec3201a elementor-widget elementor-widget-elementskit-blog-posts\" data-id=\"ec3201a\" data-element_type=\"widget\" data-e-type=\"widget\" data-widget_type=\"elementskit-blog-posts.default\">\n\t\t\t\t<div class=\"elementor-widget-container\">\n\t\t\t\t\t<div class=\"ekit-wid-con\" >        <div id=\"post-items--ec3201a\" class=\"row post-items\">\n                    <div class=\"col-lg-4 col-md-6\">\n\n                                    <div class=\"elementskit-post-image-card\">\n                        <div class=\"elementskit-entry-header\">\n                                                            <a href=\"https:\/\/ucge.com.tr\/en\/paketleme-makineleri\/flow-pack-makineleri\/gamaco-phantom-150-flowpack\/\" class=\"elementskit-entry-thumb\">\n                                    <img decoding=\"async\" src=\"https:\/\/ucge.com.tr\/wp-content\/uploads\/2023\/02\/phantom-150-.jpg\" alt=\"Gamaco Phantom 150 Flowpack Paketleme Makinesi\">\n                                <\/a><!-- .elementskit-entry-thumb END -->\n                                                            \n                            \n\t\t\t\t\t\t\t\t\t\t\t\t\t<\/div><!-- .elementskit-entry-header END -->\n\n\t\t\t\t\t\t<div class=\"elementskit-post-body \">\n\t\t\t\t\t\t\t\t\t\t\t\t\t\t\t\t\t\t\t\t<h2 class=\"entry-title\">\n\t\t\t\t\t<a href=\"https:\/\/ucge.com.tr\/en\/paketleme-makineleri\/flow-pack-makineleri\/gamaco-phantom-150-flowpack\/\">\n\t\t\t\t\t\tGamaco Phantom 150 Flowpack Paketleme Makinesi\t\t\t\t\t<\/a>\n\t\t\t\t<\/h2>\n\t\t\t\t\t\t\t\t\t\t\t\n\t\t\t\t\t\t\t\t\t\t\t\t\t\t\t\t\t\t\t\t\t\t\t\t\t\n\t\t\t\t\t\t\t\t\n\t\t\t\t\t\t\t\t\t\t\t\t\t\t\t\t\t\t\t\t\t\t\t\t\t\t\t\t\t                                                    <\/div><!-- .elementskit-post-body END -->\n                    <\/div>\n                \n            <\/div>\n                <\/div>\n       <\/div>\t\t\t\t<\/div>\n\t\t\t\t<\/div>\n\t\t\t\t<div class=\"elementor-element elementor-element-4e6724f elementor-widget elementor-widget-text-editor\" data-id=\"4e6724f\" data-element_type=\"widget\" data-e-type=\"widget\" data-widget_type=\"text-editor.default\">\n\t\t\t\t<div class=\"elementor-widget-container\">\n\t\t\t\t\t\t\t\t\t<div class=\"flex-shrink-0 flex flex-col relative items-end\">\n<div>\n<div class=\"pt-0\">\n<div class=\"gizmo-bot-avatar flex h-8 w-8 items-center justify-center overflow-hidden rounded-full\">\n<div class=\"relative p-1 rounded-sm flex items-center justify-center bg-token-main-surface-primary text-token-text-primary h-8 w-8\"><span style=\"font-family: var(--heading--font-family); font-size: var(--heading--font-size-h3); font-weight: var(--heading--font-weight); letter-spacing: var(--heading--letter-spacing-h3); background-color: var(--global--color-background); color: var(--global--color-primary);\">Flowpack Paketleme Makineleri: End\u00fcstriyel Paketlemede \u00c7\u0131\u011f\u0131r A\u00e7an \u00c7\u00f6z\u00fcmler<\/span><\/div>\n<\/div>\n<\/div>\n<\/div>\n<\/div>\n<div class=\"group\/conversation-turn relative flex w-full min-w-0 flex-col agent-turn\">\n<div class=\"flex-col gap-1 md:gap-3\">\n<div class=\"flex flex-grow flex-col max-w-full\">\n<div class=\"min-h-[20px] text-message flex w-full flex-col items-end gap-2 whitespace-pre-wrap break-words [.text-message+&amp;]:mt-5 overflow-x-auto\" dir=\"auto\" data-message-author-role=\"assistant\" data-message-id=\"2124981a-5136-41fe-95f6-5a865f3a6181\">\n<div class=\"flex w-full flex-col gap-1 empty:hidden first:pt-[3px]\">\n<div class=\"markdown prose w-full break-words dark:prose-invert dark\">\n<p>Flowpack paketleme makineleri, modern \u00fcretim hatlar\u0131nda vazge\u00e7ilmez bir rol oynar. G\u0131da, ila\u00e7, kozmetik, kimya ve daha bir\u00e7ok end\u00fcstriyel sekt\u00f6rde tercih edilen bu makineler, \u00fcr\u00fcnleri hava ge\u00e7irmez ambalajlarla koruyarak, tazeli\u011fini ve kalitesini uzun s\u00fcre korumas\u0131n\u0131 sa\u011flar. Y\u00fcksek h\u0131z kapasitesi, \u00fcr\u00fcn \u00e7e\u015fitlili\u011fi ile \u00e7al\u0131\u015fabilme \u00f6zelli\u011fi ve enerji verimlili\u011fi, flowpack makinelerini piyasadaki en etkili paketleme \u00e7\u00f6z\u00fcmlerinden biri yapar.<\/p>\n<h4>Teknolojik \u00d6zellikler ve Avantajlar<\/h4>\n<ol>\n<li>\n<p><strong>Y\u00fcksek H\u0131z ve Verimlilik<\/strong>: Flowpack makineleri, y\u00fcksek h\u0131zda \u00e7al\u0131\u015fma kapasitesine sahiptir. Bu sayede, b\u00fcy\u00fck \u00f6l\u00e7ekli \u00fcretim gereksinimlerini kar\u015f\u0131layabilir ve \u00fcretim s\u00fcre\u00e7lerinde zaman tasarrufu sa\u011flar.<\/p>\n<\/li>\n<li>\n<p><strong>\u00dcr\u00fcn \u00c7e\u015fitlili\u011fi<\/strong>: G\u0131dadan kozmeti\u011fe, ila\u00e7tan k\u0131rtasiye malzemelerine kadar geni\u015f bir yelpazede \u00fcr\u00fcn paketleme kapasitesine sahip olan bu makineler, farkl\u0131 boyut ve \u015fekillerdeki \u00fcr\u00fcnleri i\u015fleyebilme yetene\u011fi ile dikkat \u00e7eker.<\/p>\n<\/li>\n<li>\n<p><strong>Enerji Verimlili\u011fi ve Kolay Bak\u0131m<\/strong>: Flowpack makineleri, d\u00fc\u015f\u00fck enerji t\u00fcketimiyle maliyetleri minimize ederken, kolay bak\u0131m \u00f6zellikleri sayesinde i\u015fletme maliyetlerinden tasarruf sa\u011flar.<\/p>\n<\/li>\n<li>\n<p><strong>Modifiye Atmosfer Paketleme (MAP) Teknolojisi<\/strong>: \u00dcr\u00fcnlerin raf \u00f6mr\u00fcn\u00fc uzatmak ve kalitesini korumak i\u00e7in MAP teknolojisi ile donat\u0131lm\u0131\u015f flowpack makineleri, \u00fcr\u00fcnlerin tazeli\u011fini daha uzun s\u00fcre korumas\u0131na olanak tan\u0131r. Bu teknoloji, paket i\u00e7erisindeki gaz kompozisyonunu optimize ederek, \u00fcr\u00fcnlerin bozulmas\u0131n\u0131 engeller.<\/p>\n<\/li>\n<\/ol>\n<h4>End\u00fcstriyel Kullan\u0131m Alanlar\u0131<\/h4>\n<p>Flowpack paketleme makineleri, \u00f6zellikle a\u015fa\u011f\u0131daki end\u00fcstrilerde yayg\u0131n olarak kullan\u0131lmaktad\u0131r:<\/p>\n<ol>\n<li>\n<p><strong>G\u0131da End\u00fcstrisi<\/strong>: Taze g\u0131dalar, \u015fekerlemeler, bisk\u00fcviler ve kuruyemi\u015fler gibi \u00fcr\u00fcnlerin paketlenmesinde tercih edilir.<\/p>\n<\/li>\n<li>\n<p><strong>\u0130la\u00e7 End\u00fcstrisi<\/strong>: \u0130la\u00e7lar\u0131n hijyenik ko\u015fullarda paketlenmesi ve korunmas\u0131 i\u00e7in idealdir.<\/p>\n<\/li>\n<li>\n<p><strong>Kozmetik End\u00fcstrisi<\/strong>: \u00c7e\u015fitli kozmetik \u00fcr\u00fcnlerin etkili bir \u015fekilde paketlenmesini sa\u011flar.<\/p>\n<\/li>\n<li>\n<p><strong>Kimya End\u00fcstrisi<\/strong>: Kimyasal maddelerin g\u00fcvenli bir \u015fekilde paketlenmesi ve ta\u015f\u0131nmas\u0131 i\u00e7in kullan\u0131l\u0131r.<\/p>\n<\/li>\n<\/ol>\n<h4>Pazardaki Yeri ve Gelecek Vizyonu<\/h4>\n<p>Flowpack paketleme makineleri, end\u00fcstriyel paketleme sekt\u00f6r\u00fcnde \u00f6nemli bir yere sahiptir. Teknolojik geli\u015fmeler ve s\u00fcrekli iyile\u015ftirmeler ile bu makineler, paketleme s\u00fcre\u00e7lerini daha da optimize ederek, i\u015fletmelerin \u00fcretkenlik ve karl\u0131l\u0131\u011f\u0131n\u0131 art\u0131rmaya devam edecektir.<\/p>\n<\/div>\n<\/div>\n<\/div>\n<\/div>\n<\/div>\n<\/div>\t\t\t\t\t\t\t\t<\/div>\n\t\t\t\t<\/div>\n\t\t\t\t\t<\/div>\n\t\t<\/div>\n\t\t\t\t\t<\/div>\n\t\t<\/section>\n\t\t\t\t<\/div>\n\t\t","protected":false},"excerpt":{"rendered":"<p>Flowpack Packaging Machines Flowpack packaging machines are automatic packaging machines used to seal products with an airtight packaging material. These machines have a section that is used to wrap and seal the packaging material around the product, followed by a cut-off section in the cut-to-cut zone or later in a separate device. Flowpack machines, especially for food, pharmaceutical, cosmetic, chemical and other\u2026 <a class=\"more-link\" href=\"https:\/\/ucge.com.tr\/en\/paketleme-makineleri\/flow-pack-makineleri\/gamaco-phantom-150-flowpack\/\">Continue reading <span class=\"screen-reader-text\">Gamaco Phantom 150 Flowpack Packaging Machine<\/span><\/a><\/p>","protected":false},"author":4,"featured_media":0,"parent":1553,"menu_order":0,"comment_status":"closed","ping_status":"closed","template":"elementor_header_footer","meta":{"footnotes":""},"class_list":["post-1717","page","type-page","status-publish","hentry","entry"],"_links":{"self":[{"href":"https:\/\/ucge.com.tr\/en\/wp-json\/wp\/v2\/pages\/1717","targetHints":{"allow":["GET"]}}],"collection":[{"href":"https:\/\/ucge.com.tr\/en\/wp-json\/wp\/v2\/pages"}],"about":[{"href":"https:\/\/ucge.com.tr\/en\/wp-json\/wp\/v2\/types\/page"}],"author":[{"embeddable":true,"href":"https:\/\/ucge.com.tr\/en\/wp-json\/wp\/v2\/users\/4"}],"replies":[{"embeddable":true,"href":"https:\/\/ucge.com.tr\/en\/wp-json\/wp\/v2\/comments?post=1717"}],"version-history":[{"count":0,"href":"https:\/\/ucge.com.tr\/en\/wp-json\/wp\/v2\/pages\/1717\/revisions"}],"up":[{"embeddable":true,"href":"https:\/\/ucge.com.tr\/en\/wp-json\/wp\/v2\/pages\/1553"}],"wp:attachment":[{"href":"https:\/\/ucge.com.tr\/en\/wp-json\/wp\/v2\/media?parent=1717"}],"curies":[{"name":"wp","href":"https:\/\/api.w.org\/{rel}","templated":true}]}}