{"id":1740,"date":"2023-04-04T08:22:05","date_gmt":"2023-04-04T05:22:05","guid":{"rendered":"https:\/\/ucge.com.tr\/?page_id=1740"},"modified":"2024-10-19T15:14:55","modified_gmt":"2024-10-19T12:14:55","slug":"end-of-line-packaging-machines","status":"publish","type":"page","link":"https:\/\/ucge.com.tr\/en\/cozumler\/hat-sonu-paketleme-makineleri\/","title":{"rendered":"End of Line Packaging Machines"},"content":{"rendered":"\t\t<div data-elementor-type=\"wp-page\" data-elementor-id=\"1740\" class=\"elementor elementor-1740\" data-elementor-post-type=\"page\">\n\t\t\t\t\t\t<section class=\"elementor-section elementor-top-section elementor-element elementor-element-c6bb555 elementor-section-full_width elementor-section-stretched elementor-section-height-default elementor-section-height-default\" data-id=\"c6bb555\" data-element_type=\"section\" data-e-type=\"section\" data-settings=\"{&quot;stretch_section&quot;:&quot;section-stretched&quot;}\">\n\t\t\t\t\t\t<div class=\"elementor-container elementor-column-gap-default\">\n\t\t\t\t\t<div class=\"elementor-column elementor-col-100 elementor-top-column elementor-element elementor-element-d654f94\" data-id=\"d654f94\" data-element_type=\"column\" data-e-type=\"column\">\n\t\t\t<div class=\"elementor-widget-wrap elementor-element-populated\">\n\t\t\t\t\t\t<div class=\"elementor-element elementor-element-fb6cf5d elementor-widget elementor-widget-image\" data-id=\"fb6cf5d\" data-element_type=\"widget\" data-e-type=\"widget\" data-widget_type=\"image.default\">\n\t\t\t\t<div class=\"elementor-widget-container\">\n\t\t\t\t\t\t\t\t\t\t\t\t\t\t\t<img fetchpriority=\"high\" decoding=\"async\" width=\"1920\" height=\"400\" src=\"https:\/\/ucge.com.tr\/wp-content\/uploads\/2023\/08\/HAT-SONU.png\" class=\"attachment-full size-full wp-image-2301\" alt=\"HAT SONU PAKETLEME\" srcset=\"https:\/\/ucge.com.tr\/wp-content\/uploads\/2023\/08\/HAT-SONU.png 1920w, https:\/\/ucge.com.tr\/wp-content\/uploads\/2023\/08\/HAT-SONU-300x63.png 300w, https:\/\/ucge.com.tr\/wp-content\/uploads\/2023\/08\/HAT-SONU-1024x213.png 1024w, https:\/\/ucge.com.tr\/wp-content\/uploads\/2023\/08\/HAT-SONU-768x160.png 768w, https:\/\/ucge.com.tr\/wp-content\/uploads\/2023\/08\/HAT-SONU-1536x320.png 1536w, https:\/\/ucge.com.tr\/wp-content\/uploads\/2023\/08\/HAT-SONU-18x4.png 18w, https:\/\/ucge.com.tr\/wp-content\/uploads\/2023\/08\/HAT-SONU-800x167.png 800w, https:\/\/ucge.com.tr\/wp-content\/uploads\/2023\/08\/HAT-SONU-1568x327.png 1568w\" sizes=\"(max-width: 1920px) 100vw, 1920px\" style=\"width:100%;height:20.83%;max-width:1920px\" \/>\t\t\t\t\t\t\t\t\t\t\t\t\t\t\t<\/div>\n\t\t\t\t<\/div>\n\t\t\t\t\t<\/div>\n\t\t<\/div>\n\t\t\t\t\t<\/div>\n\t\t<\/section>\n\t\t\t\t<section class=\"elementor-section elementor-top-section elementor-element elementor-element-2546b0c elementor-section-stretched elementor-section-boxed elementor-section-height-default elementor-section-height-default\" data-id=\"2546b0c\" data-element_type=\"section\" data-e-type=\"section\" data-settings=\"{&quot;stretch_section&quot;:&quot;section-stretched&quot;}\">\n\t\t\t\t\t\t<div class=\"elementor-container elementor-column-gap-default\">\n\t\t\t\t\t<div class=\"elementor-column elementor-col-100 elementor-top-column elementor-element elementor-element-bc7ba5b\" data-id=\"bc7ba5b\" data-element_type=\"column\" data-e-type=\"column\">\n\t\t\t<div class=\"elementor-widget-wrap elementor-element-populated\">\n\t\t\t\t\t\t<div class=\"elementor-element elementor-element-76d5dfa elementor-widget elementor-widget-heading\" data-id=\"76d5dfa\" data-element_type=\"widget\" data-e-type=\"widget\" data-widget_type=\"heading.default\">\n\t\t\t\t<div class=\"elementor-widget-container\">\n\t\t\t\t\t<h1 class=\"elementor-heading-title elementor-size-default\">HAT SONU PAKETLEME MAK\u0130NELER\u0130<\/h1>\t\t\t\t<\/div>\n\t\t\t\t<\/div>\n\t\t\t\t<div class=\"elementor-element elementor-element-3169bba elementor-widget elementor-widget-text-editor\" data-id=\"3169bba\" data-element_type=\"widget\" data-e-type=\"widget\" data-widget_type=\"text-editor.default\">\n\t\t\t\t<div class=\"elementor-widget-container\">\n\t\t\t\t\t\t\t\t\t<p>Hat sonu paketleme makineleri, \u00fcretim hatlar\u0131n\u0131n sonunda yer alan paketleme s\u00fcrecini otomatikle\u015ftiren \u00e7\u00f6z\u00fcmlerdir. Bu \u00e7\u00f6z\u00fcmler sayesinde, \u00fcr\u00fcnler h\u0131zl\u0131 ve etkili bir \u015fekilde paketlenebilir, b\u00f6ylece zaman ve i\u015fg\u00fcc\u00fc maliyetleri d\u00fc\u015f\u00fcr\u00fcl\u00fcrken \u00fcretim h\u0131z\u0131 art\u0131r\u0131l\u0131r.<br \/><br \/><br \/>Palet stre\u00e7leme makineleri de hat sonu paketleme \u00e7\u00f6z\u00fcmlerinin \u00f6nemli bir par\u00e7as\u0131d\u0131r. Bu makineler, paletler \u00fczerindeki \u00fcr\u00fcnleri g\u00fcvenli bir \u015fekilde sabitlemek i\u00e7in kullan\u0131l\u0131r. Y\u00fcksek performansl\u0131 palet stre\u00e7leme sarma makineleri, h\u0131zl\u0131 ve etkili bir \u015fekilde \u00e7al\u0131\u015f\u0131r ve paletlerin ta\u015f\u0131nmas\u0131 ve depolanmas\u0131 s\u0131ras\u0131nda \u00fcr\u00fcnlerin g\u00fcvenli\u011fini sa\u011flar. Palet stre\u00e7leme makineleri, \u00fcretim hatlar\u0131n\u0131n sonunda yer alarak, \u00fcr\u00fcnlerin g\u00fcvenli bir \u015fekilde depolanmas\u0131n\u0131 ve nakledilmesini sa\u011flar.<\/p>\t\t\t\t\t\t\t\t<\/div>\n\t\t\t\t<\/div>\n\t\t\t\t<div class=\"elementor-element elementor-element-f07b738 elementor-align-center elementor-widget elementor-widget-button\" data-id=\"f07b738\" data-element_type=\"widget\" data-e-type=\"widget\" data-widget_type=\"button.default\">\n\t\t\t\t<div class=\"elementor-widget-container\">\n\t\t\t\t\t\t\t\t\t<div class=\"elementor-button-wrapper\">\n\t\t\t\t\t<a class=\"elementor-button elementor-button-link elementor-size-sm\" href=\"https:\/\/ucge.com.tr\/iletisim-kur\/\">\n\t\t\t\t\t\t<span class=\"elementor-button-content-wrapper\">\n\t\t\t\t\t\t\t\t\t<span class=\"elementor-button-text\">Teklif Al<\/span>\n\t\t\t\t\t<\/span>\n\t\t\t\t\t<\/a>\n\t\t\t\t<\/div>\n\t\t\t\t\t\t\t\t<\/div>\n\t\t\t\t<\/div>\n\t\t\t\t<div class=\"elementor-element elementor-element-9b712aa elementor-widget elementor-widget-elementskit-blog-posts\" data-id=\"9b712aa\" data-element_type=\"widget\" data-e-type=\"widget\" data-widget_type=\"elementskit-blog-posts.default\">\n\t\t\t\t<div class=\"elementor-widget-container\">\n\t\t\t\t\t<div class=\"ekit-wid-con\" >        <div id=\"post-items--9b712aa\" class=\"row post-items\">\n                    <div class=\"col-lg-4 col-md-6\">\n\n                                    <div class=\"elementskit-post-image-card\">\n                        <div class=\"elementskit-entry-header\">\n                                                            <a href=\"https:\/\/ucge.com.tr\/en\/paketleme-makineleri\/strec-paketleme-makineleri\/palet-sarma-makineleri\/italdibipack-ecospir-ts-ev-palet-strec-sarma-makinesi\/\" class=\"elementskit-entry-thumb\">\n                                    <img decoding=\"async\" src=\"https:\/\/ucge.com.tr\/wp-content\/uploads\/ITALDIBIPACK-ECOSPIR-TS-EV-Palet-Strec-Sarma-Makinesi-01.jpg\" alt=\"ITALDIBIPACK ECOSPIR TS EV Palet Stre\u00e7 Sarma Makinesi\">\n                                <\/a><!-- .elementskit-entry-thumb END -->\n                                                            \n                            \n\t\t\t\t\t\t\t\t\t\t\t\t\t<\/div><!-- .elementskit-entry-header END -->\n\n\t\t\t\t\t\t<div class=\"elementskit-post-body \">\n\t\t\t\t\t\t\t\t\t\t\t\t\t\t\t\t\t\t\t\t<h2 class=\"entry-title\">\n\t\t\t\t\t<a href=\"https:\/\/ucge.com.tr\/en\/paketleme-makineleri\/strec-paketleme-makineleri\/palet-sarma-makineleri\/italdibipack-ecospir-ts-ev-palet-strec-sarma-makinesi\/\">\n\t\t\t\t\t\tITALDIBIPACK ECOSPIR TS EV Palet Stre\u00e7 Sarma Makinesi\t\t\t\t\t<\/a>\n\t\t\t\t<\/h2>\n\t\t\t\t\t\t\t\t\t\t\t\n\t\t\t\t\t\t\t\t\t\t\t\t\t\t\t\t\t\t\t\t\t\t\t\t\t\n\t\t\t\t\t\t\t\t\n\t\t\t\t\t\t\t\t\t\t\t\t\t\t\t\t\t\t\t\t\t\t\t\t\t\t\t\t\t                                                    <\/div><!-- .elementskit-post-body END -->\n                    <\/div>\n                \n            <\/div>\n                    <div class=\"col-lg-4 col-md-6\">\n\n                                    <div class=\"elementskit-post-image-card\">\n                        <div class=\"elementskit-entry-header\">\n                                                            <a href=\"https:\/\/ucge.com.tr\/en\/paketleme-makineleri\/strec-paketleme-makineleri\/palet-sarma-makineleri\/italdibipack-leonardo-sp-otomatik-palet-sarma\/\" class=\"elementskit-entry-thumb\">\n                                    <img decoding=\"async\" src=\"https:\/\/ucge.com.tr\/wp-content\/uploads\/2023\/02\/Italdibipack-Leonardo-SP.jpg\" alt=\"Italdibipack Leonardo SP Otomatik Palet Sarma\">\n                                <\/a><!-- .elementskit-entry-thumb END -->\n                                                            \n                            \n\t\t\t\t\t\t\t\t\t\t\t\t\t<\/div><!-- .elementskit-entry-header END -->\n\n\t\t\t\t\t\t<div class=\"elementskit-post-body \">\n\t\t\t\t\t\t\t\t\t\t\t\t\t\t\t\t\t\t\t\t<h2 class=\"entry-title\">\n\t\t\t\t\t<a href=\"https:\/\/ucge.com.tr\/en\/paketleme-makineleri\/strec-paketleme-makineleri\/palet-sarma-makineleri\/italdibipack-leonardo-sp-otomatik-palet-sarma\/\">\n\t\t\t\t\t\tItaldibipack Leonardo SP Otomatik Palet Sarma\t\t\t\t\t<\/a>\n\t\t\t\t<\/h2>\n\t\t\t\t\t\t\t\t\t\t\t\n\t\t\t\t\t\t\t\t\t\t\t\t\t\t\t\t\t\t\t\t\t\t\t\t\t\n\t\t\t\t\t\t\t\t\n\t\t\t\t\t\t\t\t\t\t\t\t\t\t\t\t\t\t\t\t\t\t\t\t\t\t\t\t\t                                                    <\/div><!-- .elementskit-post-body END -->\n                    <\/div>\n                \n            <\/div>\n                    <div class=\"col-lg-4 col-md-6\">\n\n                                    <div class=\"elementskit-post-image-card\">\n                        <div class=\"elementskit-entry-header\">\n                                                            <a href=\"https:\/\/ucge.com.tr\/en\/paketleme-makineleri\/strec-paketleme-makineleri\/palet-sarma-makineleri\/italdibipack-ecospir-ev-palet-strec-sarma-makinesi\/\" class=\"elementskit-entry-thumb\">\n                                    <img decoding=\"async\" src=\"https:\/\/ucge.com.tr\/wp-content\/uploads\/2023\/02\/ecospir-ev-palet-strec-sarma-makinesi-one-cikan-gorsel.png\" alt=\"ITALDIBIPACK ECOSPIR EV Palet Stre\u00e7 Sarma Makinesi\">\n                                <\/a><!-- .elementskit-entry-thumb END -->\n                                                            \n                            \n\t\t\t\t\t\t\t\t\t\t\t\t\t<\/div><!-- .elementskit-entry-header END -->\n\n\t\t\t\t\t\t<div class=\"elementskit-post-body \">\n\t\t\t\t\t\t\t\t\t\t\t\t\t\t\t\t\t\t\t\t<h2 class=\"entry-title\">\n\t\t\t\t\t<a href=\"https:\/\/ucge.com.tr\/en\/paketleme-makineleri\/strec-paketleme-makineleri\/palet-sarma-makineleri\/italdibipack-ecospir-ev-palet-strec-sarma-makinesi\/\">\n\t\t\t\t\t\tITALDIBIPACK ECOSPIR EV Palet Stre\u00e7 Sarma Makinesi\t\t\t\t\t<\/a>\n\t\t\t\t<\/h2>\n\t\t\t\t\t\t\t\t\t\t\t\n\t\t\t\t\t\t\t\t\t\t\t\t\t\t\t\t\t\t\t\t\t\t\t\t\t\n\t\t\t\t\t\t\t\t\n\t\t\t\t\t\t\t\t\t\t\t\t\t\t\t\t\t\t\t\t\t\t\t\t\t\t\t\t\t                                                    <\/div><!-- .elementskit-post-body END -->\n                    <\/div>\n                \n            <\/div>\n                <\/div>\n       <\/div>\t\t\t\t<\/div>\n\t\t\t\t<\/div>\n\t\t\t\t<div class=\"elementor-element elementor-element-5631bc9 elementor-widget elementor-widget-text-editor\" data-id=\"5631bc9\" data-element_type=\"widget\" data-e-type=\"widget\" data-widget_type=\"text-editor.default\">\n\t\t\t\t<div class=\"elementor-widget-container\">\n\t\t\t\t\t\t\t\t\t<div class=\"flex-shrink-0 flex flex-col relative items-end\"><div><div class=\"pt-0\"><div class=\"gizmo-bot-avatar flex h-8 w-8 items-center justify-center overflow-hidden rounded-full\"><div class=\"relative p-1 rounded-sm flex items-center justify-center bg-token-main-surface-primary text-token-text-primary h-8 w-8\"><span style=\"font-family: var(--heading--font-family); font-size: var(--heading--font-size-h3); font-weight: var(--heading--font-weight); letter-spacing: var(--heading--letter-spacing-h3); background-color: var(--global--color-background); color: var(--global--color-primary);\">Hat Sonu Paketleme \u00c7\u00f6z\u00fcmleri: \u00dcretim S\u00fcrecinde Verimlilik ve G\u00fcvenlik<\/span><\/div><\/div><\/div><\/div><\/div><div class=\"group\/conversation-turn relative flex w-full min-w-0 flex-col agent-turn\"><div class=\"flex-col gap-1 md:gap-3\"><div class=\"flex flex-grow flex-col max-w-full\"><div class=\"min-h-[20px] text-message flex w-full flex-col items-end gap-2 whitespace-pre-wrap break-words [.text-message+&amp;]:mt-5 overflow-x-auto\" dir=\"auto\" data-message-author-role=\"assistant\" data-message-id=\"dbf56c70-70f1-410d-8d2e-8de482dd9d78\"><div class=\"flex w-full flex-col gap-1 empty:hidden first:pt-[3px]\"><div class=\"markdown prose w-full break-words dark:prose-invert dark\"><p>Modern \u00fcretim s\u00fcre\u00e7lerinde, son \u00fcr\u00fcn\u00fcn h\u0131zl\u0131 ve etkili bir \u015fekilde paketlenmesi, zaman ve i\u015f g\u00fcc\u00fc maliyetlerinin optimize edilmesi a\u00e7\u0131s\u0131ndan b\u00fcy\u00fck \u00f6nem ta\u015f\u0131r. Hat sonu paketleme \u00e7\u00f6z\u00fcmleri, \u00fcretim hatlar\u0131n\u0131n son a\u015famas\u0131nda otomatik paketleme i\u015flemlerini ger\u00e7ekle\u015ftirerek, \u00fcretim h\u0131z\u0131n\u0131 ve verimlili\u011fini art\u0131r\u0131r.<\/p><h4>Palet Stre\u00e7leme Makineleri ve \u00d6zellikleri<\/h4><ol><li><p><strong>G\u00fcvenli Sabitleme<\/strong>: Palet stre\u00e7leme makineleri, palet \u00fczerindeki \u00fcr\u00fcnleri s\u0131k\u0131ca sararak sabitler. Bu i\u015flem, \u00fcr\u00fcnlerin ta\u015f\u0131nmas\u0131 ve depolanmas\u0131 s\u0131ras\u0131nda g\u00fcvenli\u011fini art\u0131r\u0131r ve hasar riskini azalt\u0131r.<\/p><\/li><li><p><strong>Y\u00fcksek Performans ve H\u0131z<\/strong>: Y\u00fcksek performansl\u0131 palet stre\u00e7leme makineleri, h\u0131zl\u0131 \u00e7al\u0131\u015fma kapasitesi ile dikkat \u00e7eker. Bu makineler, k\u0131sa s\u00fcrede b\u00fcy\u00fck hacimdeki \u00fcr\u00fcnleri g\u00fcvenle paketleyebilir, b\u00f6ylece \u00fcretim s\u00fcre\u00e7lerinin h\u0131zlanmas\u0131na katk\u0131da bulunur.<\/p><\/li><li><p><strong>Ambalaj Malzemesi Tasarrufu<\/strong>: Otomatik stre\u00e7 paketleme makineleri, stre\u00e7 filmini do\u011fru miktarda ve uygun uzunlukta keserek kullan\u0131r. Bu \u00f6zellik, ambalaj malzemesi israf\u0131n\u0131 \u00f6nler ve maliyetleri d\u00fc\u015f\u00fcr\u00fcr.<\/p><\/li><\/ol><h4>G\u0131da ve G\u0131da D\u0131\u015f\u0131 \u00dcr\u00fcnlerde Ambalajlaman\u0131n \u00d6nemi<\/h4><p>Do\u011fru ambalajlama, g\u0131da ve g\u0131da d\u0131\u015f\u0131 \u00fcr\u00fcnlerin kalitesini korur ve m\u00fc\u015fteri g\u00fcvenini sa\u011flar. Otomatik stre\u00e7 paketleme makineleri, ambalajlama s\u00fcrecini h\u0131zland\u0131rarak \u00fcr\u00fcn g\u00fcvenli\u011fini art\u0131r\u0131r. Bu makineler, \u00fcr\u00fcnlerin ta\u015f\u0131nmas\u0131 ve depolanmas\u0131 s\u0131ras\u0131nda zarar g\u00f6rmelerini \u00f6nleyerek, t\u00fcketicilere ula\u015fana kadar \u00fcr\u00fcn kalitesinin korunmas\u0131na yard\u0131mc\u0131 olur.<\/p><h4>\u00dcretim S\u00fcre\u00e7lerinde Devrimsel \u00c7\u00f6z\u00fcmler<\/h4><p>Hat sonu paketleme \u00e7\u00f6z\u00fcmleri, g\u00fcn\u00fcm\u00fczde \u00fcretim s\u00fcre\u00e7lerinin ayr\u0131lmaz bir par\u00e7as\u0131 haline gelmi\u015ftir. Bu \u00e7\u00f6z\u00fcmler, \u00fcretim verimlili\u011fini maksimize ederken, ayn\u0131 zamanda \u00fcr\u00fcnlerin piyasaya s\u00fcr\u00fclme s\u00fcresini k\u0131salt\u0131r ve rekabet avantaj\u0131 sa\u011flar.<\/p><h4>\u0130\u015fletmeler i\u00e7in Stratejik Avantajlar<\/h4><p>\u00dc\u00c7GE Elektronik, end\u00fcstriyel paketleme \u00e7\u00f6z\u00fcmlerinde \u00f6nc\u00fcd\u00fcr ve geli\u015fmi\u015f palet stre\u00e7leme makineleri sunmaktad\u0131r. Bu makinelerle i\u015fletmeler, \u00fcretim s\u00fcre\u00e7lerini daha etkin bir \u015fekilde y\u00f6netebilir ve maliyetlerini optimize ederken ayn\u0131 zamanda \u00fcr\u00fcn kalitesini y\u00fckseltebilir.<\/p><\/div><\/div><\/div><\/div><\/div><\/div>\t\t\t\t\t\t\t\t<\/div>\n\t\t\t\t<\/div>\n\t\t\t\t\t<\/div>\n\t\t<\/div>\n\t\t\t\t\t<\/div>\n\t\t<\/section>\n\t\t\t\t<\/div>\n\t\t","protected":false},"excerpt":{"rendered":"<p>END OF LINE PACKAGING MACHINES End of line packaging machines are solutions that automate the packaging process at the end of production lines. Thanks to these solutions, products can be packaged quickly and effectively, thus reducing time and labor costs and increasing production speed. Pallet stretch wrapping machines are also an important part of end of line packaging solutions. These machines safely pack products on pallets\u2026 <a class=\"more-link\" href=\"https:\/\/ucge.com.tr\/en\/paketleme-makineleri\/strec-paketleme-makineleri\/palet-sarma-makineleri\/italdibipack-ecospir-ev-palet-strec-sarma-makinesi\/\">Continue reading <span class=\"screen-reader-text\">ITALDIBIPACK ECOSPIR EV Pallet Stretch Wrapping Machine<\/span><\/a><\/p>","protected":false},"author":4,"featured_media":0,"parent":1553,"menu_order":0,"comment_status":"closed","ping_status":"closed","template":"elementor_header_footer","meta":{"footnotes":""},"class_list":["post-1740","page","type-page","status-publish","hentry","entry"],"_links":{"self":[{"href":"https:\/\/ucge.com.tr\/en\/wp-json\/wp\/v2\/pages\/1740","targetHints":{"allow":["GET"]}}],"collection":[{"href":"https:\/\/ucge.com.tr\/en\/wp-json\/wp\/v2\/pages"}],"about":[{"href":"https:\/\/ucge.com.tr\/en\/wp-json\/wp\/v2\/types\/page"}],"author":[{"embeddable":true,"href":"https:\/\/ucge.com.tr\/en\/wp-json\/wp\/v2\/users\/4"}],"replies":[{"embeddable":true,"href":"https:\/\/ucge.com.tr\/en\/wp-json\/wp\/v2\/comments?post=1740"}],"version-history":[{"count":0,"href":"https:\/\/ucge.com.tr\/en\/wp-json\/wp\/v2\/pages\/1740\/revisions"}],"up":[{"embeddable":true,"href":"https:\/\/ucge.com.tr\/en\/wp-json\/wp\/v2\/pages\/1553"}],"wp:attachment":[{"href":"https:\/\/ucge.com.tr\/en\/wp-json\/wp\/v2\/media?parent=1740"}],"curies":[{"name":"wp","href":"https:\/\/api.w.org\/{rel}","templated":true}]}}