{"id":1930,"date":"2023-04-05T14:17:18","date_gmt":"2023-04-05T11:17:18","guid":{"rendered":"https:\/\/ucge.com.tr\/?page_id=1930"},"modified":"2025-05-28T09:31:52","modified_gmt":"2025-05-28T06:31:52","slug":"contact-us","status":"publish","type":"page","link":"https:\/\/ucge.com.tr\/en\/iletisim-kur\/","title":{"rendered":"Contact"},"content":{"rendered":"\t\t<div data-elementor-type=\"wp-page\" data-elementor-id=\"1930\" class=\"elementor elementor-1930\" data-elementor-post-type=\"page\">\n\t\t\t\t\t\t<section class=\"elementor-section elementor-top-section elementor-element elementor-element-1a1b71d elementor-section-full_width elementor-section-stretched elementor-section-height-default elementor-section-height-default\" data-id=\"1a1b71d\" data-element_type=\"section\" data-e-type=\"section\" data-settings=\"{&quot;stretch_section&quot;:&quot;section-stretched&quot;}\">\n\t\t\t\t\t\t<div class=\"elementor-container elementor-column-gap-default\">\n\t\t\t\t\t<div class=\"elementor-column elementor-col-100 elementor-top-column elementor-element elementor-element-6a0cbfa\" data-id=\"6a0cbfa\" data-element_type=\"column\" data-e-type=\"column\">\n\t\t\t<div class=\"elementor-widget-wrap elementor-element-populated\">\n\t\t\t\t\t\t<div class=\"elementor-element elementor-element-69ba6a2 elementor-widget elementor-widget-image\" data-id=\"69ba6a2\" data-element_type=\"widget\" data-e-type=\"widget\" data-widget_type=\"image.default\">\n\t\t\t\t<div class=\"elementor-widget-container\">\n\t\t\t\t\t\t\t\t\t\t\t\t\t\t\t<img fetchpriority=\"high\" decoding=\"async\" width=\"1920\" height=\"500\" src=\"https:\/\/ucge.com.tr\/wp-content\/uploads\/2023\/08\/iletisim-sayfa-banner.png\" class=\"attachment-full size-full wp-image-2360\" alt=\"ileti\u015fim-sayfa-banner\" srcset=\"https:\/\/ucge.com.tr\/wp-content\/uploads\/2023\/08\/iletisim-sayfa-banner.png 1920w, https:\/\/ucge.com.tr\/wp-content\/uploads\/2023\/08\/iletisim-sayfa-banner-300x78.png 300w, https:\/\/ucge.com.tr\/wp-content\/uploads\/2023\/08\/iletisim-sayfa-banner-1024x267.png 1024w, https:\/\/ucge.com.tr\/wp-content\/uploads\/2023\/08\/iletisim-sayfa-banner-768x200.png 768w, https:\/\/ucge.com.tr\/wp-content\/uploads\/2023\/08\/iletisim-sayfa-banner-1536x400.png 1536w, https:\/\/ucge.com.tr\/wp-content\/uploads\/2023\/08\/iletisim-sayfa-banner-18x5.png 18w, https:\/\/ucge.com.tr\/wp-content\/uploads\/2023\/08\/iletisim-sayfa-banner-800x208.png 800w, https:\/\/ucge.com.tr\/wp-content\/uploads\/2023\/08\/iletisim-sayfa-banner-1568x408.png 1568w\" sizes=\"(max-width: 1920px) 100vw, 1920px\" style=\"width:100%;height:26.04%;max-width:1920px\" \/>\t\t\t\t\t\t\t\t\t\t\t\t\t\t\t<\/div>\n\t\t\t\t<\/div>\n\t\t\t\t<div class=\"elementor-element elementor-element-d9635a9 elementor-widget elementor-widget-heading\" data-id=\"d9635a9\" data-element_type=\"widget\" data-e-type=\"widget\" data-widget_type=\"heading.default\">\n\t\t\t\t<div class=\"elementor-widget-container\">\n\t\t\t\t\t<h1 class=\"elementor-heading-title elementor-size-default\">\u0130LET\u0130\u015e\u0130M<\/h1>\t\t\t\t<\/div>\n\t\t\t\t<\/div>\n\t\t\t\t\t<\/div>\n\t\t<\/div>\n\t\t\t\t\t<\/div>\n\t\t<\/section>\n\t\t\t\t<section class=\"elementor-section elementor-top-section elementor-element elementor-element-40f1adbe elementor-section-stretched elementor-section-height-min-height elementor-section-boxed elementor-section-height-default elementor-section-items-middle\" data-id=\"40f1adbe\" data-element_type=\"section\" data-e-type=\"section\" data-settings=\"{&quot;background_background&quot;:&quot;classic&quot;,&quot;stretch_section&quot;:&quot;section-stretched&quot;}\">\n\t\t\t\t\t\t<div class=\"elementor-container elementor-column-gap-no\">\n\t\t\t\t\t<div class=\"elementor-column elementor-col-33 elementor-top-column elementor-element elementor-element-5082c32e\" data-id=\"5082c32e\" data-element_type=\"column\" data-e-type=\"column\">\n\t\t\t<div class=\"elementor-widget-wrap elementor-element-populated\">\n\t\t\t\t\t\t<section class=\"elementor-section elementor-inner-section elementor-element elementor-element-78c3262 elementor-section-content-middle elementor-section-boxed elementor-section-height-default elementor-section-height-default\" data-id=\"78c3262\" data-element_type=\"section\" data-e-type=\"section\">\n\t\t\t\t\t\t<div class=\"elementor-container elementor-column-gap-no\">\n\t\t\t\t\t<div class=\"elementor-column elementor-col-100 elementor-inner-column elementor-element elementor-element-a1af0ad\" data-id=\"a1af0ad\" data-element_type=\"column\" data-e-type=\"column\">\n\t\t\t<div class=\"elementor-widget-wrap elementor-element-populated\">\n\t\t\t\t\t\t<div class=\"elementor-element elementor-element-d1367c1 elementor-widget elementor-widget-heading\" data-id=\"d1367c1\" data-element_type=\"widget\" data-e-type=\"widget\" data-widget_type=\"heading.default\">\n\t\t\t\t<div class=\"elementor-widget-container\">\n\t\t\t\t\t<h2 class=\"elementor-heading-title elementor-size-default\">Merkez<\/h2>\t\t\t\t<\/div>\n\t\t\t\t<\/div>\n\t\t\t\t<div class=\"elementor-element elementor-element-5d1ae25 elementor-widget elementor-widget-text-editor\" data-id=\"5d1ae25\" data-element_type=\"widget\" data-e-type=\"widget\" data-widget_type=\"text-editor.default\">\n\t\t\t\t<div class=\"elementor-widget-container\">\n\t\t\t\t\t\t\t\t\tKaraman \u00c7iftlik Yolu Cd. No:47 Kat: 10 Kar Plaza \u0130\u00e7erenk\u00f6y \u2013 Ata\u015fehir \u0130stanbul\t\t\t\t\t\t\t\t<\/div>\n\t\t\t\t<\/div>\n\t\t\t\t<div class=\"elementor-element elementor-element-c3dc961 elementor-widget elementor-widget-heading\" data-id=\"c3dc961\" data-element_type=\"widget\" data-e-type=\"widget\" data-widget_type=\"heading.default\">\n\t\t\t\t<div class=\"elementor-widget-container\">\n\t\t\t\t\t<h3 class=\"elementor-heading-title elementor-size-default\">\u00c7al\u0131\u015fma Saatleri<\/h3>\t\t\t\t<\/div>\n\t\t\t\t<\/div>\n\t\t\t\t<div class=\"elementor-element elementor-element-f2de0b4 elementor-widget elementor-widget-text-editor\" data-id=\"f2de0b4\" data-element_type=\"widget\" data-e-type=\"widget\" data-widget_type=\"text-editor.default\">\n\t\t\t\t<div class=\"elementor-widget-container\">\n\t\t\t\t\t\t\t\t\t<p>08:00 &#8211; 18.00<br \/>Pazartesi &#8211; Cuma<\/p>\t\t\t\t\t\t\t\t<\/div>\n\t\t\t\t<\/div>\n\t\t\t\t\t<\/div>\n\t\t<\/div>\n\t\t\t\t\t<\/div>\n\t\t<\/section>\n\t\t\t\t<div class=\"elementor-element elementor-element-2ada210 elementor-widget elementor-widget-text-editor\" data-id=\"2ada210\" data-element_type=\"widget\" data-e-type=\"widget\" data-widget_type=\"text-editor.default\">\n\t\t\t\t<div class=\"elementor-widget-container\">\n\t\t\t\t\t\t\t\t\t<p><strong style=\"color: black; text-decoration: none;\">Tel:<\/strong> <a style=\"color: black; text-decoration: none;\" href=\"tel:+90 216 575 42 00\">+90 216 575 42 00<\/a><\/p><p><strong style=\"color: black; text-decoration: none;\">Mail:<\/strong> <a style=\"color: black; text-decoration: none;\" href=\"info@ucge.com.tr\">info@ucge.com.tr<\/a><\/p>\t\t\t\t\t\t\t\t<\/div>\n\t\t\t\t<\/div>\n\t\t\t\t\t<\/div>\n\t\t<\/div>\n\t\t\t\t<div class=\"elementor-column elementor-col-33 elementor-top-column elementor-element elementor-element-289229d\" data-id=\"289229d\" data-element_type=\"column\" data-e-type=\"column\">\n\t\t\t<div class=\"elementor-widget-wrap elementor-element-populated\">\n\t\t\t\t\t\t<div class=\"elementor-element elementor-element-0782d31 elementor-widget elementor-widget-spacer\" data-id=\"0782d31\" data-element_type=\"widget\" data-e-type=\"widget\" data-widget_type=\"spacer.default\">\n\t\t\t\t<div class=\"elementor-widget-container\">\n\t\t\t\t\t\t\t<div class=\"elementor-spacer\">\n\t\t\t<div class=\"elementor-spacer-inner\"><\/div>\n\t\t<\/div>\n\t\t\t\t\t\t<\/div>\n\t\t\t\t<\/div>\n\t\t\t\t\t<\/div>\n\t\t<\/div>\n\t\t\t\t<div class=\"elementor-column elementor-col-33 elementor-top-column elementor-element elementor-element-43d00e8\" data-id=\"43d00e8\" data-element_type=\"column\" data-e-type=\"column\">\n\t\t\t<div class=\"elementor-widget-wrap elementor-element-populated\">\n\t\t\t\t\t\t<div class=\"elementor-element elementor-element-ebea55d elementor-widget elementor-widget-spacer\" data-id=\"ebea55d\" data-element_type=\"widget\" data-e-type=\"widget\" data-widget_type=\"spacer.default\">\n\t\t\t\t<div class=\"elementor-widget-container\">\n\t\t\t\t\t\t\t<div class=\"elementor-spacer\">\n\t\t\t<div class=\"elementor-spacer-inner\"><\/div>\n\t\t<\/div>\n\t\t\t\t\t\t<\/div>\n\t\t\t\t<\/div>\n\t\t\t\t<div class=\"elementor-element elementor-element-9ed2e8a elementor-widget elementor-widget-google_maps\" data-id=\"9ed2e8a\" data-element_type=\"widget\" data-e-type=\"widget\" data-widget_type=\"google_maps.default\">\n\t\t\t\t<div class=\"elementor-widget-container\">\n\t\t\t\t\t\t\t<div class=\"elementor-custom-embed\">\n\t\t\t<iframe loading=\"lazy\"\n\t\t\t\t\tsrc=\"https:\/\/www.google.com\/maps\/embed\/v1\/place?key=AIzaSyAhTGsYzkUGUR7gA_P1aKV1gVc08TgsHVU&#038;q=%20%C4%B0%C3%A7erenk%C3%B6y%2C%20Kay%C4%B1%C5%9Fda%C4%9F%C4%B1%20Cad.%20Karaman%20%C3%87iftlik%20Yolu%20Kar%20Plaza%20No%3A47%2C%2034752%20Ata%C5%9Fehir%2F%C4%B0stanbul&#038;zoom=15\"\n\t\t\t\t\ttitle=\" \u0130\u00e7erenk\u00f6y, Kay\u0131\u015fda\u011f\u0131 Cad. Karaman \u00c7iftlik Yolu Kar Plaza No:47, 34752 Ata\u015fehir\/\u0130stanbul\"\n\t\t\t\t\taria-label=\" \u0130\u00e7erenk\u00f6y, Kay\u0131\u015fda\u011f\u0131 Cad. Karaman \u00c7iftlik Yolu Kar Plaza No:47, 34752 Ata\u015fehir\/\u0130stanbul\"\n\t\t\t><\/iframe>\n\t\t<\/div>\n\t\t\t\t\t\t<\/div>\n\t\t\t\t<\/div>\n\t\t\t\t\t<\/div>\n\t\t<\/div>\n\t\t\t\t\t<\/div>\n\t\t<\/section>\n\t\t\t\t<section class=\"elementor-section elementor-top-section elementor-element elementor-element-1958373 elementor-section-stretched elementor-section-boxed elementor-section-height-default elementor-section-height-default\" data-id=\"1958373\" data-element_type=\"section\" data-e-type=\"section\" data-settings=\"{&quot;background_background&quot;:&quot;classic&quot;,&quot;stretch_section&quot;:&quot;section-stretched&quot;}\">\n\t\t\t\t\t\t<div class=\"elementor-container elementor-column-gap-no\">\n\t\t\t\t\t<div class=\"elementor-column elementor-col-33 elementor-top-column elementor-element elementor-element-820f4aa\" data-id=\"820f4aa\" data-element_type=\"column\" data-e-type=\"column\">\n\t\t\t<div class=\"elementor-widget-wrap elementor-element-populated\">\n\t\t\t\t\t\t<section class=\"elementor-section elementor-inner-section elementor-element elementor-element-e94b16e elementor-section-content-middle elementor-section-boxed elementor-section-height-default elementor-section-height-default\" data-id=\"e94b16e\" data-element_type=\"section\" data-e-type=\"section\">\n\t\t\t\t\t\t<div class=\"elementor-container elementor-column-gap-no\">\n\t\t\t\t\t<div class=\"elementor-column elementor-col-100 elementor-inner-column elementor-element elementor-element-cb49f54\" data-id=\"cb49f54\" data-element_type=\"column\" data-e-type=\"column\">\n\t\t\t<div class=\"elementor-widget-wrap elementor-element-populated\">\n\t\t\t\t\t\t<div class=\"elementor-element elementor-element-fe5f13b elementor-widget elementor-widget-heading\" data-id=\"fe5f13b\" data-element_type=\"widget\" data-e-type=\"widget\" data-widget_type=\"heading.default\">\n\t\t\t\t<div class=\"elementor-widget-container\">\n\t\t\t\t\t<h2 class=\"elementor-heading-title elementor-size-default\">Teknik Servis<\/h2>\t\t\t\t<\/div>\n\t\t\t\t<\/div>\n\t\t\t\t<div class=\"elementor-element elementor-element-68b18e6 elementor-widget elementor-widget-text-editor\" data-id=\"68b18e6\" data-element_type=\"widget\" data-e-type=\"widget\" data-widget_type=\"text-editor.default\">\n\t\t\t\t<div class=\"elementor-widget-container\">\n\t\t\t\t\t\t\t\t\tFatih Mah. Selahaddin Eyyubi Cad.\nB Blok No: 5 \/2A\nSancaktepe \/ \u0130stanbul\t\t\t\t\t\t\t\t<\/div>\n\t\t\t\t<\/div>\n\t\t\t\t<div class=\"elementor-element elementor-element-d66d38a elementor-widget elementor-widget-heading\" data-id=\"d66d38a\" data-element_type=\"widget\" data-e-type=\"widget\" data-widget_type=\"heading.default\">\n\t\t\t\t<div class=\"elementor-widget-container\">\n\t\t\t\t\t<h3 class=\"elementor-heading-title elementor-size-default\">\u00c7al\u0131\u015fma Saatleri<\/h3>\t\t\t\t<\/div>\n\t\t\t\t<\/div>\n\t\t\t\t<div class=\"elementor-element elementor-element-45d4d5d elementor-widget elementor-widget-text-editor\" data-id=\"45d4d5d\" data-element_type=\"widget\" data-e-type=\"widget\" data-widget_type=\"text-editor.default\">\n\t\t\t\t<div class=\"elementor-widget-container\">\n\t\t\t\t\t\t\t\t\t<p>08:00 &#8211; 18.00<br \/>Pazartesi &#8211; Cuma<\/p>\t\t\t\t\t\t\t\t<\/div>\n\t\t\t\t<\/div>\n\t\t\t\t\t<\/div>\n\t\t<\/div>\n\t\t\t\t\t<\/div>\n\t\t<\/section>\n\t\t\t\t<div class=\"elementor-element elementor-element-bae3d9d elementor-widget elementor-widget-text-editor\" data-id=\"bae3d9d\" data-element_type=\"widget\" data-e-type=\"widget\" data-widget_type=\"text-editor.default\">\n\t\t\t\t<div class=\"elementor-widget-container\">\n\t\t\t\t\t\t\t\t\t<strong style=\"color: black; text-decoration: none;\">Tel:<\/strong> <a style=\"color: black; text-decoration: none;\" href=\"tel:+90 216 575 60 08\">+90 216 575 60 08 <\/a>\n<br>\n<strong style=\"color: black; text-decoration: none;\">Mail:<\/strong> <a style=\"color: black; text-decoration: none;\" href=\"teknikservis@ucge.com.tr\">teknikservis@ucge.com.tr<\/a>\t\t\t\t\t\t\t\t<\/div>\n\t\t\t\t<\/div>\n\t\t\t\t\t<\/div>\n\t\t<\/div>\n\t\t\t\t<div class=\"elementor-column elementor-col-33 elementor-top-column elementor-element elementor-element-dac586a\" data-id=\"dac586a\" data-element_type=\"column\" data-e-type=\"column\">\n\t\t\t<div class=\"elementor-widget-wrap elementor-element-populated\">\n\t\t\t\t\t\t<div class=\"elementor-element elementor-element-f697b69 elementor-widget elementor-widget-spacer\" data-id=\"f697b69\" data-element_type=\"widget\" data-e-type=\"widget\" data-widget_type=\"spacer.default\">\n\t\t\t\t<div class=\"elementor-widget-container\">\n\t\t\t\t\t\t\t<div class=\"elementor-spacer\">\n\t\t\t<div class=\"elementor-spacer-inner\"><\/div>\n\t\t<\/div>\n\t\t\t\t\t\t<\/div>\n\t\t\t\t<\/div>\n\t\t\t\t\t<\/div>\n\t\t<\/div>\n\t\t\t\t<div class=\"elementor-column elementor-col-33 elementor-top-column elementor-element elementor-element-f69c37b\" data-id=\"f69c37b\" data-element_type=\"column\" data-e-type=\"column\">\n\t\t\t<div class=\"elementor-widget-wrap elementor-element-populated\">\n\t\t\t\t\t\t<div class=\"elementor-element elementor-element-b32bb26 elementor-widget elementor-widget-spacer\" data-id=\"b32bb26\" data-element_type=\"widget\" data-e-type=\"widget\" data-widget_type=\"spacer.default\">\n\t\t\t\t<div class=\"elementor-widget-container\">\n\t\t\t\t\t\t\t<div class=\"elementor-spacer\">\n\t\t\t<div class=\"elementor-spacer-inner\"><\/div>\n\t\t<\/div>\n\t\t\t\t\t\t<\/div>\n\t\t\t\t<\/div>\n\t\t\t\t<div class=\"elementor-element elementor-element-d1a3004 elementor-widget elementor-widget-google_maps\" data-id=\"d1a3004\" data-element_type=\"widget\" data-e-type=\"widget\" data-widget_type=\"google_maps.default\">\n\t\t\t\t<div class=\"elementor-widget-container\">\n\t\t\t\t\t\t\t<div class=\"elementor-custom-embed\">\n\t\t\t<iframe loading=\"lazy\"\n\t\t\t\t\tsrc=\"https:\/\/www.google.com\/maps\/embed\/v1\/place?key=AIzaSyAhTGsYzkUGUR7gA_P1aKV1gVc08TgsHVU&#038;q=%C4%B0%C3%A7erenk%C3%B6y%2C%20Tabiat%20Sk%20No%3A14%2C%2034752%20Ata%C5%9Fehir%2F%C4%B0stanbul&#038;zoom=18\"\n\t\t\t\t\ttitle=\"\u0130\u00e7erenk\u00f6y, Tabiat Sk No:14, 34752 Ata\u015fehir\/\u0130stanbul\"\n\t\t\t\t\taria-label=\"\u0130\u00e7erenk\u00f6y, Tabiat Sk No:14, 34752 Ata\u015fehir\/\u0130stanbul\"\n\t\t\t><\/iframe>\n\t\t<\/div>\n\t\t\t\t\t\t<\/div>\n\t\t\t\t<\/div>\n\t\t\t\t\t<\/div>\n\t\t<\/div>\n\t\t\t\t\t<\/div>\n\t\t<\/section>\n\t\t\t\t<section class=\"elementor-section elementor-top-section elementor-element elementor-element-a688468 elementor-section-full_width elementor-section-stretched elementor-section-height-default elementor-section-height-default\" data-id=\"a688468\" data-element_type=\"section\" data-e-type=\"section\" data-settings=\"{&quot;stretch_section&quot;:&quot;section-stretched&quot;}\">\n\t\t\t\t\t\t<div class=\"elementor-container elementor-column-gap-default\">\n\t\t\t\t\t<div class=\"elementor-column elementor-col-100 elementor-top-column elementor-element elementor-element-74f7475\" data-id=\"74f7475\" data-element_type=\"column\" data-e-type=\"column\">\n\t\t\t<div class=\"elementor-widget-wrap elementor-element-populated\">\n\t\t\t\t\t\t<div class=\"elementor-element elementor-element-ab974c4 elementor-widget elementor-widget-html\" data-id=\"ab974c4\" data-element_type=\"widget\" data-e-type=\"widget\" data-widget_type=\"html.default\">\n\t\t\t\t<div class=\"elementor-widget-container\">\n\t\t\t\t\t <iframe\r\n      id=\"JotFormIFrame-222292482035957\"\r\n      title=\"\u00dc\u00c7GE Elektronik A.\u015e \u0130leti\u015fim Bilgi Formu (TR)\"\r\n      onload=\"window.parent.scrollTo(0,0)\"\r\n      allowtransparency=\"true\"\r\n      allowfullscreen=\"true\"\r\n      allow=\"geolocation; microphone; camera\"\r\n      src=\"https:\/\/form.jotform.com\/222292482035957\"\r\n      frameborder=\"0\"\r\n      style=\"min-width:100%;max-width:100%;height:539px;border:none;\"\r\n      scrolling=\"no\"\r\n    >\r\n    <\/iframe>\r\n    <script type=\"text\/javascript\">\r\n    var ifr = document.getElementById(\"JotFormIFrame-222292482035957\");\r\n    if (ifr) {\r\n      var src = ifr.src;\r\n      var iframeParams = [];\r\n      if (window.location.href && window.location.href.indexOf(\"?\") > -1) {\r\n        iframeParams = iframeParams.concat(window.location.href.substr(window.location.href.indexOf(\"?\") + 1).split('&'));\r\n      }\r\n      if (src && src.indexOf(\"?\") > -1) {\r\n        iframeParams = iframeParams.concat(src.substr(src.indexOf(\"?\") + 1).split(\"&\"));\r\n        src = src.substr(0, src.indexOf(\"?\"))\r\n      }\r\n      iframeParams.push(\"isIframeEmbed=1\");\r\n      ifr.src = src + \"?\" + iframeParams.join('&');\r\n    }\r\n    window.handleIFrameMessage = function(e) {\r\n      if (typeof e.data === 'object') { return; }\r\n      var args = e.data.split(\":\");\r\n      if (args.length > 2) { iframe = document.getElementById(\"JotFormIFrame-\" + args[(args.length - 1)]); } else { iframe = document.getElementById(\"JotFormIFrame\"); }\r\n      if (!iframe) { return; }\r\n      switch (args[0]) {\r\n        case \"scrollIntoView\":\r\n          iframe.scrollIntoView();\r\n          break;\r\n        case \"setHeight\":\r\n          iframe.style.height = args[1] + \"px\";\r\n          if (!isNaN(args[1]) && parseInt(iframe.style.minHeight) > parseInt(args[1])) {\r\n            iframe.style.minHeight = args[1] + \"px\";\r\n          }\r\n          break;\r\n        case \"collapseErrorPage\":\r\n          if (iframe.clientHeight > window.innerHeight) {\r\n            iframe.style.height = window.innerHeight + \"px\";\r\n          }\r\n          break;\r\n        case \"reloadPage\":\r\n          window.location.reload();\r\n          break;\r\n        case \"loadScript\":\r\n          if( !window.isPermitted(e.origin, ['jotform.com', 'jotform.pro']) ) { break; }\r\n          var src = args[1];\r\n          if (args.length > 3) {\r\n              src = args[1] + ':' + args[2];\r\n          }\r\n          var script = document.createElement('script');\r\n          script.src = src;\r\n          script.type = 'text\/javascript';\r\n          document.body.appendChild(script);\r\n          break;\r\n        case \"exitFullscreen\":\r\n          if      (window.document.exitFullscreen)        window.document.exitFullscreen();\r\n          else if (window.document.mozCancelFullScreen)   window.document.mozCancelFullScreen();\r\n          else if (window.document.mozCancelFullscreen)   window.document.mozCancelFullScreen();\r\n          else if (window.document.webkitExitFullscreen)  window.document.webkitExitFullscreen();\r\n          else if (window.document.msExitFullscreen)      window.document.msExitFullscreen();\r\n          break;\r\n      }\r\n      var isJotForm = (e.origin.indexOf(\"jotform\") > -1) ? true : false;\r\n      if(isJotForm && \"contentWindow\" in iframe && \"postMessage\" in iframe.contentWindow) {\r\n        var urls = {\"docurl\":encodeURIComponent(document.URL),\"referrer\":encodeURIComponent(document.referrer)};\r\n        iframe.contentWindow.postMessage(JSON.stringify({\"type\":\"urls\",\"value\":urls}), \"*\");\r\n      }\r\n    };\r\n    window.isPermitted = function(originUrl, whitelisted_domains) {\r\n      var url = document.createElement('a');\r\n      url.href = originUrl;\r\n      var hostname = url.hostname;\r\n      var result = false;\r\n      if( typeof hostname !== 'undefined' ) {\r\n        whitelisted_domains.forEach(function(element) {\r\n            if( hostname.slice((-1 * element.length - 1)) === '.'.concat(element) ||  hostname === element ) {\r\n                result = true;\r\n            }\r\n        });\r\n        return result;\r\n      }\r\n    };\r\n    if (window.addEventListener) {\r\n      window.addEventListener(\"message\", handleIFrameMessage, false);\r\n    } else if (window.attachEvent) {\r\n      window.attachEvent(\"onmessage\", handleIFrameMessage);\r\n    }\r\n    <\/script>\t\t\t\t<\/div>\n\t\t\t\t<\/div>\n\t\t\t\t\t<\/div>\n\t\t<\/div>\n\t\t\t\t\t<\/div>\n\t\t<\/section>\n\t\t\t\t<\/div>\n\t\t","protected":false},"excerpt":{"rendered":"<p>CONTACT Center Karaman \u00c7iftlik Yolu St. No:47 Floor: 10 Kar Plaza \u0130\u00e7erenk\u00f6y \u2013 Ata\u015fehir Istanbul Working Hours 08:00 \u2013 18.00Monday \u2013 Friday Tel: +90 216 575 42 00 Mail: info@ucge.com.tr Technical Service Fatih Mah. Selahaddin Eyyubi Cad. B Blok No: 5 \/2A Sancaktepe \/ Istanbul Working Hours 08:00 \u2013 18.00Monday \u2013 Friday Tel: +90 216\u2026 <a class=\"more-link\" href=\"https:\/\/ucge.com.tr\/en\/iletisim-kur\/\">Continue reading <span class=\"screen-reader-text\">Contact<\/span><\/a><\/p>","protected":false},"author":4,"featured_media":0,"parent":0,"menu_order":0,"comment_status":"closed","ping_status":"closed","template":"elementor_header_footer","meta":{"footnotes":""},"class_list":["post-1930","page","type-page","status-publish","hentry","entry"],"_links":{"self":[{"href":"https:\/\/ucge.com.tr\/en\/wp-json\/wp\/v2\/pages\/1930","targetHints":{"allow":["GET"]}}],"collection":[{"href":"https:\/\/ucge.com.tr\/en\/wp-json\/wp\/v2\/pages"}],"about":[{"href":"https:\/\/ucge.com.tr\/en\/wp-json\/wp\/v2\/types\/page"}],"author":[{"embeddable":true,"href":"https:\/\/ucge.com.tr\/en\/wp-json\/wp\/v2\/users\/4"}],"replies":[{"embeddable":true,"href":"https:\/\/ucge.com.tr\/en\/wp-json\/wp\/v2\/comments?post=1930"}],"version-history":[{"count":0,"href":"https:\/\/ucge.com.tr\/en\/wp-json\/wp\/v2\/pages\/1930\/revisions"}],"wp:attachment":[{"href":"https:\/\/ucge.com.tr\/en\/wp-json\/wp\/v2\/media?parent=1930"}],"curies":[{"name":"wp","href":"https:\/\/api.w.org\/{rel}","templated":true}]}}