{"id":365,"date":"2023-02-01T09:19:41","date_gmt":"2023-02-01T06:19:41","guid":{"rendered":"https:\/\/ucge.com.tr\/?page_id=365"},"modified":"2023-10-02T15:04:52","modified_gmt":"2023-10-02T12:04:52","slug":"about-us","status":"publish","type":"page","link":"https:\/\/ucge.com.tr\/en\/ucge-hakkimizda\/","title":{"rendered":"About Us"},"content":{"rendered":"<p>\u00dc\u00c7GE Electronics is one of the locomotive companies of the \u00dc\u00c7GE Group, which was founded in 1976 with the \u00dc\u00c7GE Store Equipment Company and today has 8 different companies under its umbrella. \u00dc\u00c7GE Electronics, the company of the \u00dc\u00c7GE group, which has determined to be among the top three companies in the world market in the sectors it exists with the power it has, the trust it gives to its customers and its magnificent works, is a pioneer in the Turkish sector.<\/p>","protected":false},"excerpt":{"rendered":"<p>\u00dc\u00c7GE Electronics is one of the locomotive companies of the \u00dc\u00c7GE Group, which was founded in 1976 with the \u00dc\u00c7GE Store Equipment Company and today has 8 different companies under its umbrella. \u00dc\u00c7GE, the company of the \u00dc\u00c7GE group, which has determined to be among the top three companies in the world market in the sectors in which it exists with the power it has, the trust it gives to its customers and its magnificent works, that undertakes the solutions for the electronic infrastructure of the retail... <a class=\"more-link\" href=\"https:\/\/ucge.com.tr\/en\/ucge-hakkimizda\/\">Continue reading <span class=\"screen-reader-text\">About Us<\/span><\/a><\/p>","protected":false},"author":4,"featured_media":0,"parent":0,"menu_order":0,"comment_status":"closed","ping_status":"closed","template":"","meta":{"footnotes":""},"class_list":["post-365","page","type-page","status-publish","hentry","entry"],"_links":{"self":[{"href":"https:\/\/ucge.com.tr\/en\/wp-json\/wp\/v2\/pages\/365","targetHints":{"allow":["GET"]}}],"collection":[{"href":"https:\/\/ucge.com.tr\/en\/wp-json\/wp\/v2\/pages"}],"about":[{"href":"https:\/\/ucge.com.tr\/en\/wp-json\/wp\/v2\/types\/page"}],"author":[{"embeddable":true,"href":"https:\/\/ucge.com.tr\/en\/wp-json\/wp\/v2\/users\/4"}],"replies":[{"embeddable":true,"href":"https:\/\/ucge.com.tr\/en\/wp-json\/wp\/v2\/comments?post=365"}],"version-history":[{"count":0,"href":"https:\/\/ucge.com.tr\/en\/wp-json\/wp\/v2\/pages\/365\/revisions"}],"wp:attachment":[{"href":"https:\/\/ucge.com.tr\/en\/wp-json\/wp\/v2\/media?parent=365"}],"curies":[{"name":"wp","href":"https:\/\/api.w.org\/{rel}","templated":true}]}}